{"id":328,"date":"2019-08-10T12:51:46","date_gmt":"2019-08-10T12:51:46","guid":{"rendered":"http:\/\/www.fit-in-au.de\/fia\/?page_id=328"},"modified":"2025-10-05T18:36:13","modified_gmt":"2025-10-05T18:36:13","slug":"infos","status":"publish","type":"page","link":"https:\/\/www.fit-in-au.de\/fia\/infos\/","title":{"rendered":"Info&#8217;s Urlaub"},"content":{"rendered":"<p>Auf dieser Seite, m\u00f6chte ich Sie \u00fcber Praxisneuigkeiten informieren,<br \/>wie z.B.\u00a0 Urlaub\u00a0 \/ Fortbildungen \/ offene Stellen!<\/p>\n<p><strong>Praxis-Urlaub<\/strong>: Weihnachten ab dem 24.12.2025 &#8211; 06.01.2026 (2 Wochen)<\/p>\n<p><em>Hausbesuche haupts\u00e4chlich im Ortsteil Au (im Stadtgebiet Illertissen nach R\u00fccksprache mit den Therapeuten)<\/em>.<\/p>\n<p>Sie k\u00f6nnen uns jederzeit eine Nachricht auf dem Anrufbeantworter hinterlassen.<br \/>Sobald wir wieder in der Praxis sind werden wir uns bei Ihnen melden.<\/p>\n<p><span style=\"color: #ff0000;\"><strong>Offene Stelle:\u00a0 \u00a0&#8211;<\/strong><\/span><br \/>(Initiative Bewerbungen werden jederzeit gern gesehen per Email an evahuber@fit-in-au.com)<\/p>\n\n\n<p><br><\/p>\n","protected":false},"excerpt":{"rendered":"<p>Auf dieser Seite, m\u00f6chte ich Sie \u00fcber Praxisneuigkeiten informieren,wie z.B.\u00a0 Urlaub\u00a0 \/ Fortbildungen \/ offene Stellen! Praxis-Urlaub: Weihnachten ab dem 24.12.2025 &#8211; 06.01.2026 (2 Wochen) Hausbesuche haupts\u00e4chlich im Ortsteil Au (im Stadtgebiet Illertissen nach R\u00fccksprache mit den Therapeuten). Sie k\u00f6nnen uns jederzeit eine Nachricht auf dem Anrufbeantworter hinterlassen.Sobald wir wieder in der Praxis sind werden <a class=\"read-more\" href=\"https:\/\/www.fit-in-au.de\/fia\/infos\/\">Read More<\/a><\/p>\n","protected":false},"author":1,"featured_media":0,"parent":0,"menu_order":0,"comment_status":"closed","ping_status":"closed","template":"","meta":{"footnotes":""},"class_list":["post-328","page","type-page","status-publish","hentry"],"_links":{"self":[{"href":"https:\/\/www.fit-in-au.de\/fia\/wp-json\/wp\/v2\/pages\/328","targetHints":{"allow":["GET"]}}],"collection":[{"href":"https:\/\/www.fit-in-au.de\/fia\/wp-json\/wp\/v2\/pages"}],"about":[{"href":"https:\/\/www.fit-in-au.de\/fia\/wp-json\/wp\/v2\/types\/page"}],"author":[{"embeddable":true,"href":"https:\/\/www.fit-in-au.de\/fia\/wp-json\/wp\/v2\/users\/1"}],"replies":[{"embeddable":true,"href":"https:\/\/www.fit-in-au.de\/fia\/wp-json\/wp\/v2\/comments?post=328"}],"version-history":[{"count":43,"href":"https:\/\/www.fit-in-au.de\/fia\/wp-json\/wp\/v2\/pages\/328\/revisions"}],"predecessor-version":[{"id":557,"href":"https:\/\/www.fit-in-au.de\/fia\/wp-json\/wp\/v2\/pages\/328\/revisions\/557"}],"wp:attachment":[{"href":"https:\/\/www.fit-in-au.de\/fia\/wp-json\/wp\/v2\/media?parent=328"}],"curies":[{"name":"wp","href":"https:\/\/api.w.org\/{rel}","templated":true}]}}