{"id":413,"date":"2020-10-15T08:29:43","date_gmt":"2020-10-15T08:29:43","guid":{"rendered":"http:\/\/www.fit-in-au.de\/fia\/?page_id=413"},"modified":"2024-06-21T08:38:31","modified_gmt":"2024-06-21T08:38:31","slug":"neue-heilmittelverordnung-ab-2021","status":"publish","type":"page","link":"https:\/\/www.fit-in-au.de\/fia\/neue-heilmittelverordnung-ab-2021\/","title":{"rendered":"Unsere Neuheiten"},"content":{"rendered":"\n<p><strong>TotalGym-Trainingsger\u00e4te auf Rezept KG-Ger\u00e4t<br>Training im Sensopro (Luna) (Selbstzahler)<\/strong><\/p>\n\n\n\n<ul class=\"wp-block-list\">\n<li>Verbesserung der koordinativen F\u00e4higkeiten<\/li>\n\n\n\n<li>Aktion gleich Reaktion<\/li>\n\n\n\n<li>Verbesserung der Haltung und Bewegung<\/li>\n\n\n\n<li>Propriozeptives Training<\/li>\n\n\n\n<li>Ganzk\u00f6rper Training<\/li>\n<\/ul>\n\n\n\n<p><strong>Krankengymnastik am Ger\u00e4t <\/strong>\u00fcber eine \u00e4rztliche Heilmittelverordnung<\/p>\n\n\n\n<ul class=\"wp-block-list\">\n<li>KG am Ger\u00e4t (1 &#8211; 3 Personen \/ Stunde) oder<\/li>\n\n\n\n<li>D1 (standartisierte Heilmittelkombination)<\/li>\n<\/ul>\n\n\n\n<p>M\u00f6chten Sie mehr erfahren, dann k\u00f6nnen Sie uns jederzeit Anrufen!<\/p>\n\n\n\n<p>Wir beraten, behandeln und trainieren Sie gerne.<\/p>\n","protected":false},"excerpt":{"rendered":"<p>TotalGym-Trainingsger\u00e4te auf Rezept KG-Ger\u00e4tTraining im Sensopro (Luna) (Selbstzahler) Krankengymnastik am Ger\u00e4t \u00fcber eine \u00e4rztliche Heilmittelverordnung M\u00f6chten Sie mehr erfahren, dann k\u00f6nnen Sie uns jederzeit Anrufen! Wir beraten, behandeln und trainieren Sie gerne.<\/p>\n","protected":false},"author":1,"featured_media":0,"parent":0,"menu_order":0,"comment_status":"closed","ping_status":"closed","template":"","meta":{"footnotes":""},"class_list":["post-413","page","type-page","status-publish","hentry"],"_links":{"self":[{"href":"https:\/\/www.fit-in-au.de\/fia\/wp-json\/wp\/v2\/pages\/413","targetHints":{"allow":["GET"]}}],"collection":[{"href":"https:\/\/www.fit-in-au.de\/fia\/wp-json\/wp\/v2\/pages"}],"about":[{"href":"https:\/\/www.fit-in-au.de\/fia\/wp-json\/wp\/v2\/types\/page"}],"author":[{"embeddable":true,"href":"https:\/\/www.fit-in-au.de\/fia\/wp-json\/wp\/v2\/users\/1"}],"replies":[{"embeddable":true,"href":"https:\/\/www.fit-in-au.de\/fia\/wp-json\/wp\/v2\/comments?post=413"}],"version-history":[{"count":14,"href":"https:\/\/www.fit-in-au.de\/fia\/wp-json\/wp\/v2\/pages\/413\/revisions"}],"predecessor-version":[{"id":526,"href":"https:\/\/www.fit-in-au.de\/fia\/wp-json\/wp\/v2\/pages\/413\/revisions\/526"}],"wp:attachment":[{"href":"https:\/\/www.fit-in-au.de\/fia\/wp-json\/wp\/v2\/media?parent=413"}],"curies":[{"name":"wp","href":"https:\/\/api.w.org\/{rel}","templated":true}]}}