{"id":7,"date":"2017-05-26T22:41:06","date_gmt":"2017-05-26T22:41:06","guid":{"rendered":"http:\/\/www.fit-in-au.de\/fia\/?page_id=7"},"modified":"2017-09-10T21:02:44","modified_gmt":"2017-09-10T21:02:44","slug":"startseite","status":"publish","type":"page","link":"https:\/\/www.fit-in-au.de\/fia\/","title":{"rendered":"Willkommen"},"content":{"rendered":"<div id=\"pl-7\"  class=\"panel-layout\" ><div id=\"pg-7-0\"  class=\"panel-grid panel-no-style\" ><div id=\"pgc-7-0-0\"  class=\"panel-grid-cell\" ><div id=\"panel-7-0-0-0\" class=\"so-panel widget widget_text panel-first-child panel-last-child\" data-index=\"0\" >\t\t\t<div class=\"textwidget\"><p>Fit in Au bietet Ihnen eine professionelle, ganzheitliche Therapie f\u00fcr Ihre Gesundheit und Wohlbefinden.<\/p>\n<p>Auf den folgenden Seiten m\u00f6chten wir Sie \u00fcber die Leistungen unserer Praxis informieren und<br \/>\nIhnen die Gelegenheit geben, sich in aller Ruhe bei uns umzusehen.<br \/>\nWir w\u00fcnschen Ihnen viel Spa\u00df beim st\u00f6bern und hoffen, Sie bald bei uns pers\u00f6nlich begr\u00fc\u00dfen zu d\u00fcrfen.<br \/>\nNutzen Sie unsere Leistungen nicht ausschlie\u00dflich als therapeutisches Heilmittel, sondern auch im Rahmen der Pr\u00e4vention zur Erhaltung Ihres Wohlbefindens und Steigerung Ihrer Leistungsf\u00e4higkeit.<\/p>\n<p>Wir freuen uns darauf, Sie umfassend betreuen zu k\u00f6nnen!<\/p>\n<\/div>\n\t\t<\/div><\/div><div id=\"pgc-7-0-1\"  class=\"panel-grid-cell\" ><div id=\"panel-7-0-1-0\" class=\"so-panel widget widget_sow-image panel-first-child panel-last-child\" data-index=\"1\" ><div\n\t\t\t\n\t\t\tclass=\"so-widget-sow-image so-widget-sow-image-default-8b5b6f678277-7\"\n\t\t\t\n\t\t>\n<div class=\"sow-image-container\">\n\t\t<img \n\tsrc=\"https:\/\/www.fit-in-au.de\/fia\/wp-content\/uploads\/2017\/05\/20120509_114704.jpg\" width=\"2048\" height=\"1536\" srcset=\"https:\/\/www.fit-in-au.de\/fia\/wp-content\/uploads\/2017\/05\/20120509_114704.jpg 2048w, https:\/\/www.fit-in-au.de\/fia\/wp-content\/uploads\/2017\/05\/20120509_114704-300x225.jpg 300w, https:\/\/www.fit-in-au.de\/fia\/wp-content\/uploads\/2017\/05\/20120509_114704-768x576.jpg 768w, https:\/\/www.fit-in-au.de\/fia\/wp-content\/uploads\/2017\/05\/20120509_114704-1024x768.jpg 1024w\" sizes=\"(max-width: 2048px) 100vw, 2048px\" title=\"Bach\" alt=\"\" \t\tclass=\"so-widget-image\"\/>\n\t<\/div>\n\n<\/div><\/div><\/div><\/div><\/div>","protected":false},"excerpt":{"rendered":"<p>Fit in Au bietet Ihnen eine professionelle, ganzheitliche Therapie f\u00fcr Ihre Gesundheit und Wohlbefinden. Auf den folgenden Seiten m\u00f6chten wir Sie \u00fcber die Leistungen unserer Praxis informieren und Ihnen die Gelegenheit geben, sich in aller Ruhe bei uns umzusehen. Wir w\u00fcnschen Ihnen viel Spa\u00df beim st\u00f6bern und hoffen, Sie bald bei uns pers\u00f6nlich begr\u00fc\u00dfen zu <a class=\"read-more\" href=\"https:\/\/www.fit-in-au.de\/fia\/\">Read More<\/a><\/p>\n","protected":false},"author":1,"featured_media":0,"parent":0,"menu_order":0,"comment_status":"closed","ping_status":"closed","template":"","meta":{"footnotes":""},"class_list":["post-7","page","type-page","status-publish","hentry"],"_links":{"self":[{"href":"https:\/\/www.fit-in-au.de\/fia\/wp-json\/wp\/v2\/pages\/7","targetHints":{"allow":["GET"]}}],"collection":[{"href":"https:\/\/www.fit-in-au.de\/fia\/wp-json\/wp\/v2\/pages"}],"about":[{"href":"https:\/\/www.fit-in-au.de\/fia\/wp-json\/wp\/v2\/types\/page"}],"author":[{"embeddable":true,"href":"https:\/\/www.fit-in-au.de\/fia\/wp-json\/wp\/v2\/users\/1"}],"replies":[{"embeddable":true,"href":"https:\/\/www.fit-in-au.de\/fia\/wp-json\/wp\/v2\/comments?post=7"}],"version-history":[{"count":18,"href":"https:\/\/www.fit-in-au.de\/fia\/wp-json\/wp\/v2\/pages\/7\/revisions"}],"predecessor-version":[{"id":266,"href":"https:\/\/www.fit-in-au.de\/fia\/wp-json\/wp\/v2\/pages\/7\/revisions\/266"}],"wp:attachment":[{"href":"https:\/\/www.fit-in-au.de\/fia\/wp-json\/wp\/v2\/media?parent=7"}],"curies":[{"name":"wp","href":"https:\/\/api.w.org\/{rel}","templated":true}]}}